{"id":171246,"date":"2020-09-15T15:02:44","date_gmt":"2020-09-15T13:02:44","guid":{"rendered":"https:\/\/masachs.com\/naus-de-lloguer-a-castellbisbal"},"modified":"2025-09-23T16:16:40","modified_gmt":"2025-09-23T14:16:40","slug":"naus-de-lloguer-a-castellbisbal","status":"publish","type":"page","link":"https:\/\/masachs.com\/ca\/naus-de-lloguer-a-castellbisbal","title":{"rendered":"Naus de lloguer a Castellbisbal"},"content":{"rendered":"<h3>Lloguer de Naus Industrials a <strong>Castellbisbal<\/strong><\/h3>\n<p>Descobreix la nostra exclusiva selecci\u00f3 de naus industrials en lloguer a <strong>Castellbisbal<\/strong>, una localitat amb una ubicaci\u00f3 estrat\u00e8gica que la converteix en un punt neur\u00e0lgic per al desenvolupament empresarial. Situada a nom\u00e9s 20 quil\u00f2metres de <strong>Barcelona<\/strong>, <strong>Castellbisbal<\/strong> ofereix un acc\u00e9s immillorable a les principals vies de comunicaci\u00f3, incloent l&#8217;<strong>AP-7<\/strong> i la <strong>C-58<\/strong>, facilitant la connexi\u00f3 amb importants municipis ve\u00efns com <strong>Sant Cugat del Vall\u00e8s<\/strong>, <strong>Rub\u00ed<\/strong> i <strong>Martorell<\/strong>.<\/p>\n<p>Aquest entorn industrial es beneficia d&#8217;una infraestructura robusta i de la proximitat a \u00e0rees comercials i log\u00edstiques, la qual cosa el converteix en un lloc ideal per a empreses de diversos sectors. A m\u00e9s, la proximitat a barris com <strong>Can Margarit<\/strong> i el <strong>Pol\u00edgon Industrial de Can Estela<\/strong> proporciona un ambient din\u00e0mic i col\u00b7laboratiu, propici per al creixement i l&#8217;expansi\u00f3 del teu negoci.<\/p>\n<p><strong>No perdis l&#8217;oportunitat d&#8217;establir la teva empresa en una de les zones m\u00e9s prometedores de la comarca. Explora les nostres opcions de lloguer i troba l&#8217;espai perfecte que s&#8217;adapti a les teves necessitats. El teu \u00e8xit comen\u00e7a aqu\u00ed!<\/strong><\/p>\n","protected":false},"excerpt":{"rendered":"<p>Lloguer de Naus Industrials a Castellbisbal Descobreix la nostra exclusiva selecci\u00f3 de naus industrials en lloguer a Castellbisbal, una localitat amb una ubicaci\u00f3 estrat\u00e8gica que la converteix en un punt neur\u00e0lgic per al desenvolupament empresarial. Situada a nom\u00e9s 20 quil\u00f2metres de Barcelona, Castellbisbal ofereix un acc\u00e9s immillorable a les principals vies de comunicaci\u00f3, incloent l&#8217;AP-7 i la C-58, facilitant la connexi\u00f3 amb importants municipis &#8230;<\/p>\n","protected":false},"author":9,"featured_media":0,"parent":0,"menu_order":0,"comment_status":"closed","ping_status":"closed","template":"property_list_half.php","meta":{"footnotes":""},"class_list":["post-171246","page","type-page","status-publish","hentry"],"_links":{"self":[{"href":"https:\/\/masachs.com\/ca\/wp-json\/wp\/v2\/pages\/171246"}],"collection":[{"href":"https:\/\/masachs.com\/ca\/wp-json\/wp\/v2\/pages"}],"about":[{"href":"https:\/\/masachs.com\/ca\/wp-json\/wp\/v2\/types\/page"}],"author":[{"embeddable":true,"href":"https:\/\/masachs.com\/ca\/wp-json\/wp\/v2\/users\/9"}],"replies":[{"embeddable":true,"href":"https:\/\/masachs.com\/ca\/wp-json\/wp\/v2\/comments?post=171246"}],"version-history":[{"count":2,"href":"https:\/\/masachs.com\/ca\/wp-json\/wp\/v2\/pages\/171246\/revisions"}],"predecessor-version":[{"id":369217,"href":"https:\/\/masachs.com\/ca\/wp-json\/wp\/v2\/pages\/171246\/revisions\/369217"}],"wp:attachment":[{"href":"https:\/\/masachs.com\/ca\/wp-json\/wp\/v2\/media?parent=171246"}],"curies":[{"name":"wp","href":"https:\/\/api.w.org\/{rel}","templated":true}]}}