{"id":166005,"date":"2020-06-15T09:23:38","date_gmt":"2020-06-15T07:23:38","guid":{"rendered":"https:\/\/masachs.com\/?page_id=166005"},"modified":"2025-10-22T07:49:46","modified_gmt":"2025-10-22T05:49:46","slug":"naus-industrials-lloguer-terrassa","status":"publish","type":"page","link":"https:\/\/masachs.com\/ca\/naus-industrials-lloguer-terrassa","title":{"rendered":"Naus de lloguer a Terrassa"},"content":{"rendered":"<h3>Lloguer de Naus Industrials a <strong>Terrassa<\/strong><\/h3>\n<p>Descobreix la nostra exclusiva selecci\u00f3 de naus industrials en lloguer a <strong>Terrassa<\/strong>, una localitat amb una ubicaci\u00f3 estrat\u00e8gica que la converteix en un punt neur\u00e0lgic per al desenvolupament empresarial. Situada a nom\u00e9s 30 km de <strong>Barcelona<\/strong>, <strong>Terrassa<\/strong> ofereix un acc\u00e9s immillorable a les principals vies de comunicaci\u00f3, incloent l&#8217;<strong>AP-7<\/strong> i la <strong>C-58<\/strong>, facilitant la log\u00edstica i el transport de mercaderies.<\/p>\n<p>Aquest din\u00e0mic municipi es troba envoltat de barris en creixement i lim\u00edtrof amb localitats com <strong>Sabadell<\/strong> i <strong>Matadepera<\/strong>, la qual cosa potencia el seu atractiu per a empreses que busquen establir-se en un entorn industrial pr\u00f2sper. A m\u00e9s, la proximitat a importants centres de negoci i la disponibilitat de serveis complementaris fan de <strong>Terrassa<\/strong> una opci\u00f3 ideal per a empreses de diversos sectors.<\/p>\n<p><strong>No perdis l&#8217;oportunitat de posicionar el teu negoci en una de les \u00e0rees m\u00e9s prometedores de la comarca. Explora les nostres naus industrials en lloguer i troba l&#8217;espai perfecte que s&#8217;adapti a les teves necessitats. Contacta&#8217;ns avui mateix per a m\u00e9s informaci\u00f3!<\/strong><\/p>\n","protected":false},"excerpt":{"rendered":"<p>Lloguer de Naus Industrials a Terrassa Descobreix la nostra exclusiva selecci\u00f3 de naus industrials en lloguer a Terrassa, una localitat amb una ubicaci\u00f3 estrat\u00e8gica que la converteix en un punt neur\u00e0lgic per al desenvolupament empresarial. Situada a nom\u00e9s 30 km de Barcelona, Terrassa ofereix un acc\u00e9s immillorable a les principals vies de comunicaci\u00f3, incloent l&#8217;AP-7 i la C-58, facilitant la log\u00edstica i el transport &#8230;<\/p>\n","protected":false},"author":9,"featured_media":0,"parent":0,"menu_order":0,"comment_status":"closed","ping_status":"closed","template":"property_list_half.php","meta":{"footnotes":""},"class_list":["post-166005","page","type-page","status-publish","hentry"],"_links":{"self":[{"href":"https:\/\/masachs.com\/ca\/wp-json\/wp\/v2\/pages\/166005"}],"collection":[{"href":"https:\/\/masachs.com\/ca\/wp-json\/wp\/v2\/pages"}],"about":[{"href":"https:\/\/masachs.com\/ca\/wp-json\/wp\/v2\/types\/page"}],"author":[{"embeddable":true,"href":"https:\/\/masachs.com\/ca\/wp-json\/wp\/v2\/users\/9"}],"replies":[{"embeddable":true,"href":"https:\/\/masachs.com\/ca\/wp-json\/wp\/v2\/comments?post=166005"}],"version-history":[{"count":3,"href":"https:\/\/masachs.com\/ca\/wp-json\/wp\/v2\/pages\/166005\/revisions"}],"predecessor-version":[{"id":402783,"href":"https:\/\/masachs.com\/ca\/wp-json\/wp\/v2\/pages\/166005\/revisions\/402783"}],"wp:attachment":[{"href":"https:\/\/masachs.com\/ca\/wp-json\/wp\/v2\/media?parent=166005"}],"curies":[{"name":"wp","href":"https:\/\/api.w.org\/{rel}","templated":true}]}}